{"id":17,"date":"2018-04-09T16:44:10","date_gmt":"2018-04-09T14:44:10","guid":{"rendered":"http:\/\/apf-connect.fr\/?page_id=17"},"modified":"2021-07-26T11:44:22","modified_gmt":"2021-07-26T09:44:22","slug":"cover-control","status":"publish","type":"page","link":"https:\/\/apf-connect.fr\/index.php\/cover-control\/","title":{"rendered":"Cover Control"},"content":{"rendered":"<section class=\"l-section wpb_row height_auto width_full color_custom\" id=\"overview\"><div class=\"l-section-h i-cf\"><div class=\"g-cols vc_row via_flex valign_middle type_default stacking_default\"><div class=\"vc_col-sm-12 wpb_column vc_column_container align_center_xs\"><div class=\"vc_column-inner\"><div class=\"wpb_wrapper\"><div class=\"w-image align_center us_animate_fade\"><div class=\"w-image-h\"><img width=\"2941\" height=\"1224\" src=\"https:\/\/apf-connect.fr\/wp-content\/uploads\/2018\/04\/APF-connect-slide1.jpg\" class=\"attachment-full size-full\" alt=\"\" loading=\"lazy\" srcset=\"https:\/\/apf-connect.fr\/wp-content\/uploads\/2018\/04\/APF-connect-slide1.jpg 2941w, https:\/\/apf-connect.fr\/wp-content\/uploads\/2018\/04\/APF-connect-slide1-300x125.jpg 300w, https:\/\/apf-connect.fr\/wp-content\/uploads\/2018\/04\/APF-connect-slide1-768x320.jpg 768w, https:\/\/apf-connect.fr\/wp-content\/uploads\/2018\/04\/APF-connect-slide1-1024x426.jpg 1024w\" sizes=\"(max-width: 2941px) 100vw, 2941px\" \/><\/div><\/div><\/div><\/div><\/div><\/div><\/div><\/section><section class=\"l-section wpb_row height_small\" id=\"features\"><div class=\"l-section-h i-cf\"><div class=\"g-cols vc_row via_flex valign_top type_default stacking_default\"><div class=\"vc_col-sm-12 wpb_column vc_column_container\"><div class=\"vc_column-inner\"><div class=\"wpb_wrapper\"><div class=\"wpb_text_column\"><div class=\"wpb_wrapper\"><h2 style=\"text-align: center;\">Cover Control<\/h2>\n<p style=\"text-align: center;\">Piloter sa couverture automatique n\u2019a jamais \u00e9t\u00e9 aussi simple !<\/p>\n<\/div><\/div><div class=\"w-separator size_large\"><\/div><div class=\"g-cols wpb_row via_flex valign_middle type_default stacking_default\"><div class=\"vc_col-sm-4 wpb_column vc_column_container us_animate_fade\"><div class=\"vc_column-inner\"><div class=\"wpb_wrapper\"><div class=\"w-slider style_phone6-1 fit_scaledown\"><div class=\"w-slider-h\"><div class=\"royalSlider\"><div class=\"rsContent\"><a class=\"rsImg\" data-rsw=\"375\" data-rsh=\"667\" href=\"https:\/\/apf-connect.fr\/wp-content\/uploads\/2018\/04\/Capture-cover1-375x667.jpg\"><span data-alt=\"\"><\/span><\/a><\/div><div class=\"rsContent\"><a class=\"rsImg\" data-rsw=\"375\" data-rsh=\"667\" href=\"https:\/\/apf-connect.fr\/wp-content\/uploads\/2018\/04\/Capture-cover2.jpg\"><span data-alt=\"\"><\/span><\/a><\/div><div class=\"rsContent\"><a class=\"rsImg\" data-rsw=\"375\" data-rsh=\"667\" href=\"https:\/\/apf-connect.fr\/wp-content\/uploads\/2018\/04\/Capture-cover3.jpg\"><span data-alt=\"\"><\/span><\/a><\/div><div class=\"rsContent\"><a class=\"rsImg\" data-rsw=\"375\" data-rsh=\"667\" href=\"https:\/\/apf-connect.fr\/wp-content\/uploads\/2018\/04\/Capture-cover4.jpg\"><span data-alt=\"\"><\/span><\/a><\/div><div class=\"rsContent\"><a class=\"rsImg\" data-rsw=\"375\" data-rsh=\"667\" href=\"https:\/\/apf-connect.fr\/wp-content\/uploads\/2018\/04\/Capture-cover5.jpg\"><span data-alt=\"\"><\/span><\/a><\/div><\/div><img src=\"https:\/\/apf-connect.fr\/wp-content\/uploads\/2018\/04\/Capture-cover1-375x667.jpg\" width=\"375\" height=\"667\" alt loading=\"lazy\"><\/div><div class=\"w-slider-json\" onclick='return {&quot;loop&quot;:true,&quot;fadeInLoadedSlide&quot;:false,&quot;slidesSpacing&quot;:0,&quot;imageScalePadding&quot;:0,&quot;numImagesToPreload&quot;:2,&quot;arrowsNav&quot;:true,&quot;arrowsNavAutoHide&quot;:true,&quot;transitionType&quot;:&quot;move&quot;,&quot;transitionSpeed&quot;:250,&quot;block&quot;:{&quot;moveEffect&quot;:&quot;none&quot;,&quot;speed&quot;:300},&quot;controlNavigation&quot;:&quot;bullets&quot;,&quot;autoplay&quot;:{&quot;enabled&quot;:true,&quot;pauseOnHover&quot;:true,&quot;delay&quot;:3000},&quot;imageScaleMode&quot;:&quot;fit-if-smaller&quot;,&quot;autoScaleSlider&quot;:true,&quot;autoScaleSliderWidth&quot;:375,&quot;autoScaleSliderHeight&quot;:667,&quot;fitInViewport&quot;:false}'><\/div><\/div><\/div><\/div><\/div><div class=\"vc_col-sm-8 wpb_column vc_column_container us_animate_afr\"><div class=\"vc_column-inner\"><div class=\"wpb_wrapper\"><div class=\"w-iconbox iconpos_left style_circle color_primary align_left\"><div class=\"w-iconbox-icon\" style=\"font-size:28px;\"><i class=\"material-icons\">bluetooth<\/i><\/div><div class=\"w-iconbox-meta\"><h5 class=\"w-iconbox-title\">Etape 1 : Appairage du module avec le smartphone<\/h5><div class=\"w-iconbox-text\"><p>Quelques secondes suffisent pour appairer le smartphone via Bluetooth avec le module raccord\u00e9 \u00e0 la couverture automatique.<\/p>\n<\/div><\/div><\/div><div class=\"w-separator size_large\"><\/div><div class=\"w-iconbox iconpos_left style_circle color_primary align_left\"><div class=\"w-iconbox-icon\" style=\"font-size:28px;\"><i class=\"far fa-lock\"><\/i><\/div><div class=\"w-iconbox-meta\"><h5 class=\"w-iconbox-title\">Etape 2 : Code de s\u00e9curit\u00e9<\/h5><div class=\"w-iconbox-text\"><p>L&rsquo;utilisation de ce module est soumis \u00e0 un code de s\u00e9curit\u00e9 demand\u00e9 \u00e0 chaque utilisation.<\/p>\n<\/div><\/div><\/div><div class=\"w-separator size_large\"><\/div><div class=\"w-iconbox iconpos_left style_circle color_primary align_left\"><div class=\"w-iconbox-icon\" style=\"font-size:28px;\"><i class=\"fas fa-life-ring\"><\/i><\/div><div class=\"w-iconbox-meta\"><h5 class=\"w-iconbox-title\">Etape 3 : Ouverture \/ Fermeture<\/h5><div class=\"w-iconbox-text\"><p>2 fl\u00e8ches vous permettent d&rsquo;ouvrir et de fermer votre couverture automatique.<br \/>\nIl est important que vous gardiez un \u0153il sur le bassin lors de l&rsquo;utilisation de l&rsquo;application.<\/p>\n<\/div><\/div><\/div><div class=\"w-separator size_small\"><\/div><div class=\"w-btn-wrapper align_center\"><a class=\"w-btn us-btn-style_3\" target=\"_blank\" href=\"http:\/\/apf-connect.fr\/wp-content\/uploads\/2018\/05\/APF-Fiche-Cover-Control.pdf\" rel=\"noopener\"><span class=\"w-btn-label\">Fiche Cover Control<\/span><\/a><\/div><\/div><\/div><\/div><\/div><\/div><\/div><\/div><\/div><\/div><\/section><section class=\"l-section wpb_row height_huge color_alternate\" id=\"download\"><div class=\"l-section-h i-cf\"><div class=\"g-cols vc_row via_flex valign_top type_default stacking_default\"><div class=\"vc_col-sm-8 wpb_column vc_column_container\"><div class=\"vc_column-inner\"><div class=\"wpb_wrapper\"><div class=\"wpb_text_column\"><div class=\"wpb_wrapper\"><h2>APF Connect : l&rsquo;application pour votre piscine connect\u00e9e<\/h2>\n<p>Commandez notre module <strong>Cover Control<\/strong> aupr\u00e8s de votre piscinier et profitez d&rsquo;une application simple et intuitive pour piloter votre <strong>couverture automatique<\/strong>.<\/p>\n<\/div><\/div><div class=\"w-separator size_small\"><\/div><div class=\"wpb_text_column\"><div class=\"wpb_wrapper\"><h3>Cover Control en vid\u00e9o !<\/h3>\n<\/div><\/div><div class=\"w-video align_none ratio_16x9\"><div class=\"w-video-h\"><iframe title=\"Youtube video player\" src=\"\/\/www.youtube.com\/embed\/T8L_8oiy-Zs?origin=https:\/\/apf-connect.fr&controls=1\" allowfullscreen=\"1\" loading=\"lazy\"><\/iframe><\/div><div class=\"w-video-icon\" style=\"font-size:1.5rem;background:rgba(0,0,0,0.5);color:#fff\"><\/div><\/div><\/div><\/div><\/div><div class=\"vc_col-sm-4 wpb_column vc_column_container\"><div class=\"vc_column-inner\"><div class=\"wpb_wrapper\"><div class=\"w-slider style_phone6-2 fit_scaledown\"><div class=\"w-slider-h\"><div class=\"royalSlider\"><div class=\"rsContent\"><a class=\"rsImg\" data-rsw=\"375\" data-rsh=\"667\" href=\"https:\/\/apf-connect.fr\/wp-content\/uploads\/2018\/04\/Capture-accueil.jpg\"><span data-alt=\"\"><\/span><\/a><\/div><\/div><img src=\"https:\/\/apf-connect.fr\/wp-content\/uploads\/2018\/04\/Capture-accueil.jpg\" width=\"375\" height=\"667\" alt loading=\"lazy\"><\/div><div class=\"w-slider-json\" onclick='return {&quot;loop&quot;:true,&quot;fadeInLoadedSlide&quot;:false,&quot;slidesSpacing&quot;:0,&quot;imageScalePadding&quot;:0,&quot;numImagesToPreload&quot;:2,&quot;arrowsNav&quot;:false,&quot;arrowsNavAutoHide&quot;:false,&quot;transitionType&quot;:&quot;move&quot;,&quot;transitionSpeed&quot;:250,&quot;block&quot;:{&quot;moveEffect&quot;:&quot;none&quot;,&quot;speed&quot;:300},&quot;controlNavigation&quot;:&quot;none&quot;,&quot;autoplay&quot;:{&quot;enabled&quot;:true,&quot;pauseOnHover&quot;:true,&quot;delay&quot;:3000},&quot;imageScaleMode&quot;:&quot;fit-if-smaller&quot;,&quot;autoScaleSlider&quot;:true,&quot;autoScaleSliderWidth&quot;:375,&quot;autoScaleSliderHeight&quot;:667,&quot;fitInViewport&quot;:false}'><\/div><\/div><div class=\"wpb_text_column\"><div class=\"wpb_wrapper\"><p style=\"text-align: center;\">L&rsquo;application est gratuite et sans abonnement.<\/p>\n<\/div><\/div><div class=\"wpb_text_column\"><div class=\"wpb_wrapper\"><p><a href=\"https:\/\/play.google.com\/store\/apps\/details?id=fr.sodalec.connect.apf\" target=\"_blank\" rel=\"noopener\"><img loading=\"lazy\" class=\"wp-image-2915 alignleft\" src=\"http:\/\/apf-connect.fr\/wp-content\/uploads\/2016\/09\/not-placehold-google-play.png\" alt=\"\" width=\"100\" height=\"31\" \/><\/a><a href=\"https:\/\/itunes.apple.com\/fr\/app\/apf-connect\/id1374294889?mt=8\" target=\"_blank\" rel=\"noopener\"><img loading=\"lazy\" class=\"wp-image-2916 alignright\" src=\"http:\/\/apf-connect.fr\/wp-content\/uploads\/2016\/09\/not-placehold-app-store.png\" alt=\"\" width=\"100\" height=\"31\" \/><\/a><\/p>\n<\/div><\/div><\/div><\/div><\/div><\/div><\/div><\/section>\n","protected":false},"excerpt":{"rendered":"Cover Control Piloter sa couverture automatique n\u2019a jamais \u00e9t\u00e9 aussi simple ! bluetoothEtape 1 : Appairage du module avec le smartphoneQuelques secondes suffisent pour appairer le smartphone via Bluetooth avec le module raccord\u00e9 \u00e0 la couverture automatique. Etape 2 : Code de s\u00e9curit\u00e9L'utilisation de ce module est soumis \u00e0 un code de s\u00e9curit\u00e9 demand\u00e9 \u00e0...","protected":false},"author":1,"featured_media":0,"parent":0,"menu_order":2,"comment_status":"closed","ping_status":"closed","template":"","meta":[],"yoast_head":"<!-- This site is optimized with the Yoast SEO plugin v19.10 - https:\/\/yoast.com\/wordpress\/plugins\/seo\/ -->\n<title>Cover Control - APF Connect - La piscine connect\u00e9e<\/title>\n<meta name=\"robots\" content=\"index, follow, max-snippet:-1, max-image-preview:large, max-video-preview:-1\" \/>\n<link rel=\"canonical\" href=\"https:\/\/apf-connect.fr\/index.php\/cover-control\/\" \/>\n<meta property=\"og:locale\" content=\"fr_FR\" \/>\n<meta property=\"og:type\" content=\"article\" \/>\n<meta property=\"og:title\" content=\"Cover Control - APF Connect - La piscine connect\u00e9e\" \/>\n<meta property=\"og:url\" content=\"https:\/\/apf-connect.fr\/index.php\/cover-control\/\" \/>\n<meta property=\"og:site_name\" content=\"APF Connect - La piscine connect\u00e9e\" \/>\n<meta property=\"article:publisher\" content=\"https:\/\/www.facebook.com\/apf.piscines\/\" \/>\n<meta property=\"article:modified_time\" content=\"2021-07-26T09:44:22+00:00\" \/>\n<meta property=\"og:image\" content=\"http:\/\/apf-connect.fr\/wp-content\/uploads\/2016\/09\/not-placehold-google-play.png\" \/>\n<meta name=\"twitter:card\" content=\"summary_large_image\" \/>\n<meta name=\"twitter:label1\" content=\"Dur\u00e9e de lecture estim\u00e9e\" \/>\n\t<meta name=\"twitter:data1\" content=\"2 minutes\" \/>\n<script type=\"application\/ld+json\" class=\"yoast-schema-graph\">{\"@context\":\"https:\/\/schema.org\",\"@graph\":[{\"@type\":\"WebPage\",\"@id\":\"https:\/\/apf-connect.fr\/index.php\/cover-control\/\",\"url\":\"https:\/\/apf-connect.fr\/index.php\/cover-control\/\",\"name\":\"Cover Control - APF Connect - La piscine connect\u00e9e\",\"isPartOf\":{\"@id\":\"https:\/\/apf-connect.fr\/#website\"},\"datePublished\":\"2018-04-09T14:44:10+00:00\",\"dateModified\":\"2021-07-26T09:44:22+00:00\",\"breadcrumb\":{\"@id\":\"https:\/\/apf-connect.fr\/index.php\/cover-control\/#breadcrumb\"},\"inLanguage\":\"fr-FR\",\"potentialAction\":[{\"@type\":\"ReadAction\",\"target\":[\"https:\/\/apf-connect.fr\/index.php\/cover-control\/\"]}]},{\"@type\":\"BreadcrumbList\",\"@id\":\"https:\/\/apf-connect.fr\/index.php\/cover-control\/#breadcrumb\",\"itemListElement\":[{\"@type\":\"ListItem\",\"position\":1,\"name\":\"Accueil\",\"item\":\"https:\/\/apf-connect.fr\/\"},{\"@type\":\"ListItem\",\"position\":2,\"name\":\"Cover Control\"}]},{\"@type\":\"WebSite\",\"@id\":\"https:\/\/apf-connect.fr\/#website\",\"url\":\"https:\/\/apf-connect.fr\/\",\"name\":\"APF Connect - La piscine connect\u00e9e\",\"description\":\"Pilotez votre piscine du bout des doigts !\",\"publisher\":{\"@id\":\"https:\/\/apf-connect.fr\/#organization\"},\"potentialAction\":[{\"@type\":\"SearchAction\",\"target\":{\"@type\":\"EntryPoint\",\"urlTemplate\":\"https:\/\/apf-connect.fr\/?s={search_term_string}\"},\"query-input\":\"required name=search_term_string\"}],\"inLanguage\":\"fr-FR\"},{\"@type\":\"Organization\",\"@id\":\"https:\/\/apf-connect.fr\/#organization\",\"name\":\"APF\",\"url\":\"https:\/\/apf-connect.fr\/\",\"logo\":{\"@type\":\"ImageObject\",\"inLanguage\":\"fr-FR\",\"@id\":\"https:\/\/apf-connect.fr\/#\/schema\/logo\/image\/\",\"url\":\"http:\/\/apf-connect.fr\/wp-content\/uploads\/2018\/02\/APF-logo-institutionnel.png\",\"contentUrl\":\"http:\/\/apf-connect.fr\/wp-content\/uploads\/2018\/02\/APF-logo-institutionnel.png\",\"width\":1124,\"height\":484,\"caption\":\"APF\"},\"image\":{\"@id\":\"https:\/\/apf-connect.fr\/#\/schema\/logo\/image\/\"},\"sameAs\":[\"https:\/\/www.instagram.com\/apf.piscines\/\",\"https:\/\/www.linkedin.com\/company\/annonay-productions-france\/\",\"https:\/\/www.pinterest.fr\/apfpiscines\/\",\"https:\/\/www.youtube.com\/c\/APF-piscine\",\"https:\/\/www.facebook.com\/apf.piscines\/\"]}]}<\/script>\n<!-- \/ Yoast SEO plugin. -->","yoast_head_json":{"title":"Cover Control - APF Connect - La piscine connect\u00e9e","robots":{"index":"index","follow":"follow","max-snippet":"max-snippet:-1","max-image-preview":"max-image-preview:large","max-video-preview":"max-video-preview:-1"},"canonical":"https:\/\/apf-connect.fr\/index.php\/cover-control\/","og_locale":"fr_FR","og_type":"article","og_title":"Cover Control - APF Connect - La piscine connect\u00e9e","og_url":"https:\/\/apf-connect.fr\/index.php\/cover-control\/","og_site_name":"APF Connect - La piscine connect\u00e9e","article_publisher":"https:\/\/www.facebook.com\/apf.piscines\/","article_modified_time":"2021-07-26T09:44:22+00:00","og_image":[{"url":"http:\/\/apf-connect.fr\/wp-content\/uploads\/2016\/09\/not-placehold-google-play.png"}],"twitter_card":"summary_large_image","twitter_misc":{"Dur\u00e9e de lecture estim\u00e9e":"2 minutes"},"schema":{"@context":"https:\/\/schema.org","@graph":[{"@type":"WebPage","@id":"https:\/\/apf-connect.fr\/index.php\/cover-control\/","url":"https:\/\/apf-connect.fr\/index.php\/cover-control\/","name":"Cover Control - APF Connect - La piscine connect\u00e9e","isPartOf":{"@id":"https:\/\/apf-connect.fr\/#website"},"datePublished":"2018-04-09T14:44:10+00:00","dateModified":"2021-07-26T09:44:22+00:00","breadcrumb":{"@id":"https:\/\/apf-connect.fr\/index.php\/cover-control\/#breadcrumb"},"inLanguage":"fr-FR","potentialAction":[{"@type":"ReadAction","target":["https:\/\/apf-connect.fr\/index.php\/cover-control\/"]}]},{"@type":"BreadcrumbList","@id":"https:\/\/apf-connect.fr\/index.php\/cover-control\/#breadcrumb","itemListElement":[{"@type":"ListItem","position":1,"name":"Accueil","item":"https:\/\/apf-connect.fr\/"},{"@type":"ListItem","position":2,"name":"Cover Control"}]},{"@type":"WebSite","@id":"https:\/\/apf-connect.fr\/#website","url":"https:\/\/apf-connect.fr\/","name":"APF Connect - La piscine connect\u00e9e","description":"Pilotez votre piscine du bout des doigts !","publisher":{"@id":"https:\/\/apf-connect.fr\/#organization"},"potentialAction":[{"@type":"SearchAction","target":{"@type":"EntryPoint","urlTemplate":"https:\/\/apf-connect.fr\/?s={search_term_string}"},"query-input":"required name=search_term_string"}],"inLanguage":"fr-FR"},{"@type":"Organization","@id":"https:\/\/apf-connect.fr\/#organization","name":"APF","url":"https:\/\/apf-connect.fr\/","logo":{"@type":"ImageObject","inLanguage":"fr-FR","@id":"https:\/\/apf-connect.fr\/#\/schema\/logo\/image\/","url":"http:\/\/apf-connect.fr\/wp-content\/uploads\/2018\/02\/APF-logo-institutionnel.png","contentUrl":"http:\/\/apf-connect.fr\/wp-content\/uploads\/2018\/02\/APF-logo-institutionnel.png","width":1124,"height":484,"caption":"APF"},"image":{"@id":"https:\/\/apf-connect.fr\/#\/schema\/logo\/image\/"},"sameAs":["https:\/\/www.instagram.com\/apf.piscines\/","https:\/\/www.linkedin.com\/company\/annonay-productions-france\/","https:\/\/www.pinterest.fr\/apfpiscines\/","https:\/\/www.youtube.com\/c\/APF-piscine","https:\/\/www.facebook.com\/apf.piscines\/"]}]}},"_links":{"self":[{"href":"https:\/\/apf-connect.fr\/index.php\/wp-json\/wp\/v2\/pages\/17"}],"collection":[{"href":"https:\/\/apf-connect.fr\/index.php\/wp-json\/wp\/v2\/pages"}],"about":[{"href":"https:\/\/apf-connect.fr\/index.php\/wp-json\/wp\/v2\/types\/page"}],"author":[{"embeddable":true,"href":"https:\/\/apf-connect.fr\/index.php\/wp-json\/wp\/v2\/users\/1"}],"replies":[{"embeddable":true,"href":"https:\/\/apf-connect.fr\/index.php\/wp-json\/wp\/v2\/comments?post=17"}],"version-history":[{"count":37,"href":"https:\/\/apf-connect.fr\/index.php\/wp-json\/wp\/v2\/pages\/17\/revisions"}],"predecessor-version":[{"id":6577,"href":"https:\/\/apf-connect.fr\/index.php\/wp-json\/wp\/v2\/pages\/17\/revisions\/6577"}],"wp:attachment":[{"href":"https:\/\/apf-connect.fr\/index.php\/wp-json\/wp\/v2\/media?parent=17"}],"curies":[{"name":"wp","href":"https:\/\/api.w.org\/{rel}","templated":true}]}}